{"id":2019,"date":"2022-06-22T20:29:11","date_gmt":"2022-06-22T23:29:11","guid":{"rendered":"http:\/\/novoperene.institucional.ws\/?page_id=2019"},"modified":"2022-08-24T17:16:59","modified_gmt":"2022-08-24T20:16:59","slug":"fogoes-eficientes","status":"publish","type":"page","link":"https:\/\/www.perene.org.br\/en\/fogoes-eficientes\/","title":{"rendered":"Efficient + Stoves"},"content":{"rendered":"<div data-elementor-type=\"wp-page\" data-elementor-id=\"2019\" class=\"elementor elementor-2019\">\n\t\t\t\t\t\t<section class=\"elementor-section elementor-top-section elementor-element elementor-element-5eddc93e elementor-section-height-min-height elementor-section-boxed elementor-section-height-default elementor-section-items-middle\" data-id=\"5eddc93e\" data-element_type=\"section\" data-e-type=\"section\" data-settings=\"{&quot;background_background&quot;:&quot;classic&quot;}\">\n\t\t\t\t\t\t\t<div class=\"elementor-background-overlay\"><\/div>\n\t\t\t\t\t\t\t<div class=\"elementor-container elementor-column-gap-default\">\n\t\t\t\t\t<div class=\"elementor-column elementor-col-100 elementor-top-column elementor-element elementor-element-d79b48a\" data-id=\"d79b48a\" data-element_type=\"column\" data-e-type=\"column\">\n\t\t\t<div class=\"elementor-widget-wrap elementor-element-populated\">\n\t\t\t\t\t\t<div class=\"elementor-element elementor-element-7619430c elementor-widget elementor-widget-heading\" data-id=\"7619430c\" data-element_type=\"widget\" data-e-type=\"widget\" data-widget_type=\"heading.default\">\n\t\t\t\t<div class=\"elementor-widget-container\">\n\t\t\t\t\t<h1 class=\"elementor-heading-title elementor-size-default\">Efficient + Stoves<\/h1>\t\t\t\t<\/div>\n\t\t\t\t<\/div>\n\t\t\t\t<div class=\"elementor-element elementor-element-590f156f elementor-widget elementor-widget-text-editor\" data-id=\"590f156f\" data-element_type=\"widget\" data-e-type=\"widget\" data-widget_type=\"text-editor.default\">\n\t\t\t\t<div class=\"elementor-widget-container\">\n\t\t\t\t\t\t\t\t\t<p><span style=\"font-weight: 400;\">It is carried out in the states of Tocantins and Bahia, through a Financial Cooperation Agreement with Caixa, it is enabling an increasing dissemination of the main action of the Perene Institute, the replacement of rudimentary wood stoves with eco-efficient stoves.\u00a0<\/span><\/p>\t\t\t\t\t\t\t\t<\/div>\n\t\t\t\t<\/div>\n\t\t\t\t\t<\/div>\n\t\t<\/div>\n\t\t\t\t\t<\/div>\n\t\t<\/section>\n\t\t\t\t<section class=\"elementor-section elementor-top-section elementor-element elementor-element-7af0e3c8 elementor-section-boxed elementor-section-height-default elementor-section-height-default\" data-id=\"7af0e3c8\" data-element_type=\"section\" data-e-type=\"section\">\n\t\t\t\t\t\t<div class=\"elementor-container elementor-column-gap-default\">\n\t\t\t\t\t<div class=\"elementor-column elementor-col-50 elementor-top-column elementor-element elementor-element-6c24f440\" data-id=\"6c24f440\" data-element_type=\"column\" data-e-type=\"column\" data-settings=\"{&quot;background_background&quot;:&quot;classic&quot;}\">\n\t\t\t<div class=\"elementor-widget-wrap elementor-element-populated\">\n\t\t\t\t\t\t<div class=\"elementor-element elementor-element-3c83974 elementor-widget elementor-widget-heading\" data-id=\"3c83974\" data-element_type=\"widget\" data-e-type=\"widget\" data-widget_type=\"heading.default\">\n\t\t\t\t<div class=\"elementor-widget-container\">\n\t\t\t\t\t<h2 class=\"elementor-heading-title elementor-size-default\">The project will deliver 7,000 stoves to rural communities.\u00a0<\/h2>\t\t\t\t<\/div>\n\t\t\t\t<\/div>\n\t\t\t\t<div class=\"elementor-element elementor-element-08b709f elementor-widget elementor-widget-text-editor\" data-id=\"08b709f\" data-element_type=\"widget\" data-e-type=\"widget\" data-widget_type=\"text-editor.default\">\n\t\t\t\t<div class=\"elementor-widget-container\">\n\t\t\t\t\t\t\t\t\t<p><span style=\"font-weight: 400;\">The eco-efficient stove was developed by Perene, following the principles of the \u201cRocket Stove\u201d model, by the specialist in improved combustion technologies, the American Dr.\nLarry Winiarski (1940-2021). The model needs less firewood to produce the flames, and the heating time can be up to half that of a rudimentary stove.<\/span><\/p><p><span style=\"font-weight: 400;\">With this dynamic, the use of eco-efficient stoves reduces the interference in the local ecosystem for the removal of firewood and reduces the emission of polluting gases. The benefits to the environment are aligned with the improvement of the quality of life of families, who start to cook without excessive smoke harmful to health and well-being.<\/span><\/p>\t\t\t\t\t\t\t\t<\/div>\n\t\t\t\t<\/div>\n\t\t\t\t\t<\/div>\n\t\t<\/div>\n\t\t\t\t<div class=\"elementor-column elementor-col-50 elementor-top-column elementor-element elementor-element-66cc77b6\" data-id=\"66cc77b6\" data-element_type=\"column\" data-e-type=\"column\">\n\t\t\t<div class=\"elementor-widget-wrap elementor-element-populated\">\n\t\t\t\t\t\t<div class=\"elementor-element elementor-element-77260a2b elementor-widget__width-initial elementor-absolute elementor-widget-tablet__width-initial elementor-widget-mobile__width-auto elementor-widget elementor-widget-image\" data-id=\"77260a2b\" data-element_type=\"widget\" data-e-type=\"widget\" data-settings=\"{&quot;_position&quot;:&quot;absolute&quot;}\" data-widget_type=\"image.default\">\n\t\t\t\t<div class=\"elementor-widget-container\">\n\t\t\t\t\t\t\t\t\t\t\t\t\t\t\t<img decoding=\"async\" src=\"https:\/\/www.perene.org.br\/wp-content\/uploads\/elementor\/thumbs\/WhatsApp-Image-2022-06-22-at-8.18.21-PM-pqppeecy4um0j22gl4xghp01m0swc4gc3wjon584gs.jpeg\" title=\"WhatsApp Image 2022-06-22 at 8.18.21 PM\" alt=\"WhatsApp Image 2022-06-22 at 8.18.21 PM\" loading=\"lazy\" \/>\t\t\t\t\t\t\t\t\t\t\t\t\t\t\t<\/div>\n\t\t\t\t<\/div>\n\t\t\t\t\t<\/div>\n\t\t<\/div>\n\t\t\t\t\t<\/div>\n\t\t<\/section>\n\t\t\t\t<section class=\"elementor-section elementor-top-section elementor-element elementor-element-200dfd0b elementor-reverse-tablet elementor-reverse-mobile elementor-section-boxed elementor-section-height-default elementor-section-height-default\" data-id=\"200dfd0b\" data-element_type=\"section\" data-e-type=\"section\">\n\t\t\t\t\t\t<div class=\"elementor-container elementor-column-gap-default\">\n\t\t\t\t\t<div class=\"elementor-column elementor-col-33 elementor-top-column elementor-element elementor-element-48c7db54\" data-id=\"48c7db54\" data-element_type=\"column\" data-e-type=\"column\">\n\t\t\t<div class=\"elementor-widget-wrap elementor-element-populated\">\n\t\t\t\t\t\t<div class=\"elementor-element elementor-element-087db4a elementor-widget elementor-widget-image\" data-id=\"087db4a\" data-element_type=\"widget\" data-e-type=\"widget\" data-widget_type=\"image.default\">\n\t\t\t\t<div class=\"elementor-widget-container\">\n\t\t\t\t\t\t\t\t\t\t\t\t\t\t\t<img decoding=\"async\" src=\"https:\/\/www.perene.org.br\/wp-content\/uploads\/elementor\/thumbs\/29-2-pqrob7bapext0qdzppvbvc3jjh5pma17xkzfrffptc.jpeg\" title=\"29 (2)\" alt=\"29 (2)\" loading=\"lazy\" \/>\t\t\t\t\t\t\t\t\t\t\t\t\t\t\t<\/div>\n\t\t\t\t<\/div>\n\t\t\t\t\t<\/div>\n\t\t<\/div>\n\t\t\t\t<div class=\"elementor-column elementor-col-33 elementor-top-column elementor-element elementor-element-da21609\" data-id=\"da21609\" data-element_type=\"column\" data-e-type=\"column\">\n\t\t\t<div class=\"elementor-widget-wrap elementor-element-populated\">\n\t\t\t\t\t\t<div class=\"elementor-element elementor-element-3e7befe elementor-widget elementor-widget-image\" data-id=\"3e7befe\" data-element_type=\"widget\" data-e-type=\"widget\" data-widget_type=\"image.default\">\n\t\t\t\t<div class=\"elementor-widget-container\">\n\t\t\t\t\t\t\t\t\t\t\t\t\t\t\t<img decoding=\"async\" src=\"https:\/\/www.perene.org.br\/wp-content\/uploads\/elementor\/thumbs\/63011b9c-9f57-4357-807d-857046b12ce1-pqrobb2ngr2yb68j3rhu5b5dx0n6h2g5a3ldoja54g.jpeg\" title=\"63011b9c-9f57-4357-807d-857046b12ce1\" alt=\"63011b9c-9f57-4357-807d-857046b12ce1\" loading=\"lazy\" \/>\t\t\t\t\t\t\t\t\t\t\t\t\t\t\t<\/div>\n\t\t\t\t<\/div>\n\t\t\t\t\t<\/div>\n\t\t<\/div>\n\t\t\t\t<div class=\"elementor-column elementor-col-33 elementor-top-column elementor-element elementor-element-3c53b157\" data-id=\"3c53b157\" data-element_type=\"column\" data-e-type=\"column\">\n\t\t\t<div class=\"elementor-widget-wrap elementor-element-populated\">\n\t\t\t\t\t\t<div class=\"elementor-element elementor-element-4b3a347 elementor-widget elementor-widget-heading\" data-id=\"4b3a347\" data-element_type=\"widget\" data-e-type=\"widget\" data-widget_type=\"heading.default\">\n\t\t\t\t<div class=\"elementor-widget-container\">\n\t\t\t\t\t<h2 class=\"elementor-heading-title elementor-size-default\">Cerrado conservation <\/h2>\t\t\t\t<\/div>\n\t\t\t\t<\/div>\n\t\t\t\t<div class=\"elementor-element elementor-element-3c70cbb elementor-widget elementor-widget-text-editor\" data-id=\"3c70cbb\" data-element_type=\"widget\" data-e-type=\"widget\" data-widget_type=\"text-editor.default\">\n\t\t\t\t<div class=\"elementor-widget-container\">\n\t\t\t\t\t\t\t\t\t<p><span style=\"font-weight: 400;\">To promote an even greater socio-environmental impact, the project is also implementing agroforestry backyards. A form of land use that combines, in the same area, four types of crops to associate food production and forest preservation.\u00a0<\/span><\/p><p><span style=\"font-weight: 400;\">Agroforestry backyards are a viable solution for family farming to develop in harmony with nature. This system diversifies the species that can be used as a source of income in a mechanism that contributes to the conservation of the environment. The project's goal is to create 1,000 agroforestry backyards.<\/span><\/p>\t\t\t\t\t\t\t\t<\/div>\n\t\t\t\t<\/div>\n\t\t\t\t\t<\/div>\n\t\t<\/div>\n\t\t\t\t\t<\/div>\n\t\t<\/section>\n\t\t\t\t<\/div>","protected":false},"excerpt":{"rendered":"<p>Fog\u00f5es + Eficientes \u00c9 realizado nos estados do Tocantins e Bahia, por meio de Acordo de Coopera\u00e7\u00e3o Financeira com a Caixa, est\u00e1 possibilitando uma difus\u00e3o cada vez maior da principal a\u00e7\u00e3o do Instituto Perene, a substitui\u00e7\u00e3o de fog\u00f5es a lenha rudimentares por fog\u00f5es ecoeficientes.\u00a0 O projeto entregar\u00e1 7 mil fog\u00f5es em comunidades rurais.\u00a0 O fog\u00e3o [&hellip;]<\/p>","protected":false},"author":1,"featured_media":0,"parent":0,"menu_order":0,"comment_status":"closed","ping_status":"closed","template":"elementor_header_footer","meta":{"footnotes":""},"class_list":["post-2019","page","type-page","status-publish","hentry"],"_links":{"self":[{"href":"https:\/\/www.perene.org.br\/en\/wp-json\/wp\/v2\/pages\/2019","targetHints":{"allow":["GET"]}}],"collection":[{"href":"https:\/\/www.perene.org.br\/en\/wp-json\/wp\/v2\/pages"}],"about":[{"href":"https:\/\/www.perene.org.br\/en\/wp-json\/wp\/v2\/types\/page"}],"author":[{"embeddable":true,"href":"https:\/\/www.perene.org.br\/en\/wp-json\/wp\/v2\/users\/1"}],"replies":[{"embeddable":true,"href":"https:\/\/www.perene.org.br\/en\/wp-json\/wp\/v2\/comments?post=2019"}],"version-history":[{"count":64,"href":"https:\/\/www.perene.org.br\/en\/wp-json\/wp\/v2\/pages\/2019\/revisions"}],"predecessor-version":[{"id":3131,"href":"https:\/\/www.perene.org.br\/en\/wp-json\/wp\/v2\/pages\/2019\/revisions\/3131"}],"wp:attachment":[{"href":"https:\/\/www.perene.org.br\/en\/wp-json\/wp\/v2\/media?parent=2019"}],"curies":[{"name":"wp","href":"https:\/\/api.w.org\/{rel}","templated":true}]}}