{"id":2041,"date":"2022-06-22T20:51:57","date_gmt":"2022-06-22T23:51:57","guid":{"rendered":"http:\/\/novoperene.institucional.ws\/?page_id=2041"},"modified":"2022-08-24T17:18:15","modified_gmt":"2022-08-24T20:18:15","slug":"fogao-do-mar","status":"publish","type":"page","link":"https:\/\/www.perene.org.br\/en\/fogao-do-mar\/","title":{"rendered":"The Sea Stove"},"content":{"rendered":"<div data-elementor-type=\"wp-page\" data-elementor-id=\"2041\" class=\"elementor elementor-2041\">\n\t\t\t\t\t\t<section class=\"elementor-section elementor-top-section elementor-element elementor-element-5eddc93e elementor-section-height-min-height elementor-section-boxed elementor-section-height-default elementor-section-items-middle\" data-id=\"5eddc93e\" data-element_type=\"section\" data-e-type=\"section\" data-settings=\"{&quot;background_background&quot;:&quot;classic&quot;}\">\n\t\t\t\t\t\t\t<div class=\"elementor-background-overlay\"><\/div>\n\t\t\t\t\t\t\t<div class=\"elementor-container elementor-column-gap-default\">\n\t\t\t\t\t<div class=\"elementor-column elementor-col-100 elementor-top-column elementor-element elementor-element-d79b48a\" data-id=\"d79b48a\" data-element_type=\"column\" data-e-type=\"column\">\n\t\t\t<div class=\"elementor-widget-wrap elementor-element-populated\">\n\t\t\t\t\t\t<div class=\"elementor-element elementor-element-7619430c elementor-widget elementor-widget-heading\" data-id=\"7619430c\" data-element_type=\"widget\" data-e-type=\"widget\" data-widget_type=\"heading.default\">\n\t\t\t\t<div class=\"elementor-widget-container\">\n\t\t\t\t\t<h1 class=\"elementor-heading-title elementor-size-default\">The Sea Stove<\/h1>\t\t\t\t<\/div>\n\t\t\t\t<\/div>\n\t\t\t\t<div class=\"elementor-element elementor-element-590f156f elementor-widget elementor-widget-text-editor\" data-id=\"590f156f\" data-element_type=\"widget\" data-e-type=\"widget\" data-widget_type=\"text-editor.default\">\n\t\t\t\t<div class=\"elementor-widget-container\">\n\t\t\t\t\t\t\t\t\t<p><span style=\"font-weight: 400;\">In Rec\u00f4ncavo Baiano, birthplace of the Perene Institute, the Fog\u00e3o do Mar Project, sponsored by Petrobras, is expanding Perene's main activity in this region, the construction of eco-efficient stoves. More than 1,800 stoves have already been delivered and a further 1,000,000 are expected to be built by the end of 2022, for a total of 2,800 stoves delivered.<\/span><\/p>\t\t\t\t\t\t\t\t<\/div>\n\t\t\t\t<\/div>\n\t\t\t\t\t<\/div>\n\t\t<\/div>\n\t\t\t\t\t<\/div>\n\t\t<\/section>\n\t\t\t\t<section class=\"elementor-section elementor-top-section elementor-element elementor-element-7af0e3c8 elementor-section-boxed elementor-section-height-default elementor-section-height-default\" data-id=\"7af0e3c8\" data-element_type=\"section\" data-e-type=\"section\">\n\t\t\t\t\t\t<div class=\"elementor-container elementor-column-gap-default\">\n\t\t\t\t\t<div class=\"elementor-column elementor-col-50 elementor-top-column elementor-element elementor-element-6c24f440\" data-id=\"6c24f440\" data-element_type=\"column\" data-e-type=\"column\" data-settings=\"{&quot;background_background&quot;:&quot;classic&quot;}\">\n\t\t\t<div class=\"elementor-widget-wrap elementor-element-populated\">\n\t\t\t\t\t\t<div class=\"elementor-element elementor-element-08b709f elementor-widget elementor-widget-text-editor\" data-id=\"08b709f\" data-element_type=\"widget\" data-e-type=\"widget\" data-widget_type=\"text-editor.default\">\n\t\t\t\t<div class=\"elementor-widget-container\">\n\t\t\t\t\t\t\t\t\t<p><span style=\"font-weight: 400;\">ll project actions are carried out in partnership with 14 community leaders from Rec\u00f4ncavo Baiano, covering the regions of Maragogipe, Cachoeira, Enseada, S\u00e3o Roque do Paragua\u00e7u, Buri, Porto da Pedra, Gua\u00ed, Capanema, Jirau Grande, Quizanga, Samambaia , Dend\u00ea, Coqueiros, Nag\u00e9, Santiago do Iguape and S\u00e3o Francisco do Iguap\u00e9.<\/span><\/p><p><span style=\"font-weight: 400;\">The eco-efficient stove was developed by Perene, following the principles of the \u201cRocket Stove\u201d model, by the specialist in improved combustion technologies, the American Dr. Larry Winiarski (1940-2021). The model needs less wood to produce the flames and the heating time can reach half that achieved in a rudimentary stove.<\/span><\/p><p><span style=\"font-weight: 400;\">With this dynamic, the use of eco-efficient stoves reduces the interference in the local ecosystem for the removal of firewood and reduces the emission of polluting gases. The benefits to the environment are aligned with the improvement of the quality of life of families, who start to cook without excessive smoke harmful to health and well-being.\u00a0<\/span><\/p>\t\t\t\t\t\t\t\t<\/div>\n\t\t\t\t<\/div>\n\t\t\t\t\t<\/div>\n\t\t<\/div>\n\t\t\t\t<div class=\"elementor-column elementor-col-50 elementor-top-column elementor-element elementor-element-66cc77b6\" data-id=\"66cc77b6\" data-element_type=\"column\" data-e-type=\"column\">\n\t\t\t<div class=\"elementor-widget-wrap elementor-element-populated\">\n\t\t\t\t\t\t<div class=\"elementor-element elementor-element-77260a2b elementor-widget__width-initial elementor-absolute elementor-widget-tablet__width-initial elementor-widget-mobile__width-auto elementor-widget elementor-widget-image\" data-id=\"77260a2b\" data-element_type=\"widget\" data-e-type=\"widget\" data-settings=\"{&quot;_position&quot;:&quot;absolute&quot;}\" data-widget_type=\"image.default\">\n\t\t\t\t<div class=\"elementor-widget-container\">\n\t\t\t\t\t\t\t\t\t\t\t\t\t\t\t<img decoding=\"async\" src=\"https:\/\/www.perene.org.br\/wp-content\/uploads\/elementor\/thumbs\/WhatsApp-Image-2022-06-22-at-8.16.44-PM-pqpq0kdxb6ygbzva57vpslmdy5jiv5gg5mex32cvq4.jpeg\" title=\"WhatsApp Image 2022-06-22 at 8.16.44 PM\" alt=\"WhatsApp Image 2022-06-22 at 8.16.44 PM\" loading=\"lazy\" \/>\t\t\t\t\t\t\t\t\t\t\t\t\t\t\t<\/div>\n\t\t\t\t<\/div>\n\t\t\t\t\t<\/div>\n\t\t<\/div>\n\t\t\t\t\t<\/div>\n\t\t<\/section>\n\t\t\t\t<section class=\"elementor-section elementor-top-section elementor-element elementor-element-200dfd0b elementor-reverse-tablet elementor-reverse-mobile elementor-section-boxed elementor-section-height-default elementor-section-height-default\" data-id=\"200dfd0b\" data-element_type=\"section\" data-e-type=\"section\">\n\t\t\t\t\t\t<div class=\"elementor-container elementor-column-gap-default\">\n\t\t\t\t\t<div class=\"elementor-column elementor-col-33 elementor-top-column elementor-element elementor-element-48c7db54\" data-id=\"48c7db54\" data-element_type=\"column\" data-e-type=\"column\">\n\t\t\t<div class=\"elementor-widget-wrap elementor-element-populated\">\n\t\t\t\t\t\t<div class=\"elementor-element elementor-element-3e7befe elementor-widget elementor-widget-image\" data-id=\"3e7befe\" data-element_type=\"widget\" data-e-type=\"widget\" data-widget_type=\"image.default\">\n\t\t\t\t<div class=\"elementor-widget-container\">\n\t\t\t\t\t\t\t\t\t\t\t\t\t\t\t<img decoding=\"async\" src=\"https:\/\/www.perene.org.br\/wp-content\/uploads\/elementor\/thumbs\/WhatsApp-Image-2022-06-05-at-10.20.45-pqroddbwgnwlsd8o25ld4aesugh6d5mxwb4qle81gw.jpeg\" title=\"WhatsApp Image 2022-06-05 at 10.20.45\" alt=\"WhatsApp Image 2022-06-05 at 10.20.45\" loading=\"lazy\" \/>\t\t\t\t\t\t\t\t\t\t\t\t\t\t\t<\/div>\n\t\t\t\t<\/div>\n\t\t\t\t\t<\/div>\n\t\t<\/div>\n\t\t\t\t<div class=\"elementor-column elementor-col-33 elementor-top-column elementor-element elementor-element-da21609\" data-id=\"da21609\" data-element_type=\"column\" data-e-type=\"column\">\n\t\t\t<div class=\"elementor-widget-wrap elementor-element-populated\">\n\t\t\t\t\t\t<div class=\"elementor-element elementor-element-087db4a elementor-widget elementor-widget-image\" data-id=\"087db4a\" data-element_type=\"widget\" data-e-type=\"widget\" data-widget_type=\"image.default\">\n\t\t\t\t<div class=\"elementor-widget-container\">\n\t\t\t\t\t\t\t\t\t\t\t\t\t\t\t<img decoding=\"async\" src=\"https:\/\/www.perene.org.br\/wp-content\/uploads\/elementor\/thumbs\/WhatsApp-Image-2022-06-22-at-8.16.44-PM-1-pqpq0sueid0cf7xshfs91dgxoj6r7jihp981edae7k.jpeg\" title=\"WhatsApp Image 2022-06-22 at 8.16.44 PM (1)\" alt=\"WhatsApp Image 2022-06-22 at 8.16.44 PM (1)\" loading=\"lazy\" \/>\t\t\t\t\t\t\t\t\t\t\t\t\t\t\t<\/div>\n\t\t\t\t<\/div>\n\t\t\t\t\t<\/div>\n\t\t<\/div>\n\t\t\t\t<div class=\"elementor-column elementor-col-33 elementor-top-column elementor-element elementor-element-3c53b157\" data-id=\"3c53b157\" data-element_type=\"column\" data-e-type=\"column\">\n\t\t\t<div class=\"elementor-widget-wrap elementor-element-populated\">\n\t\t\t\t\t\t<div class=\"elementor-element elementor-element-4b3a347 elementor-widget elementor-widget-heading\" data-id=\"4b3a347\" data-element_type=\"widget\" data-e-type=\"widget\" data-widget_type=\"heading.default\">\n\t\t\t\t<div class=\"elementor-widget-container\">\n\t\t\t\t\t<h2 class=\"elementor-heading-title elementor-size-default\">Conservation of the Atlantic Forest<\/h2>\t\t\t\t<\/div>\n\t\t\t\t<\/div>\n\t\t\t\t<div class=\"elementor-element elementor-element-3c70cbb elementor-widget elementor-widget-text-editor\" data-id=\"3c70cbb\" data-element_type=\"widget\" data-e-type=\"widget\" data-widget_type=\"text-editor.default\">\n\t\t\t\t<div class=\"elementor-widget-container\">\n\t\t\t\t\t\t\t\t\t<p><span style=\"font-weight: 400;\">The project also disseminates the concepts of environmental conservation, through actions in communities aimed at preserving the Atlantic Forest. At the Reserva do Paragua\u00e7u, located in the municipality of Maragogipe (BA), tree seedlings are prepared to carry out these actions. About 10,000 seedlings will be distributed by the end of 2022. <\/span><\/p>\t\t\t\t\t\t\t\t<\/div>\n\t\t\t\t<\/div>\n\t\t\t\t\t<\/div>\n\t\t<\/div>\n\t\t\t\t\t<\/div>\n\t\t<\/section>\n\t\t\t\t<\/div>","protected":false},"excerpt":{"rendered":"<p>Fog\u00e3o do Mar No Rec\u00f4ncavo Baiano, ber\u00e7o do Instituto Perene, o Projeto Fog\u00e3o do Mar, patrocinado pela Petrobras, est\u00e1 expandindo a principal atividade da Perene nesta regi\u00e3o, a constru\u00e7\u00e3o de fog\u00f5es ecoeficientes. Mais de 1.800 fog\u00f5es j\u00e1 foram entregues e mais 1.000 mil devem ser constru\u00eddos at\u00e9 o final de 2022, totalizando 2.800 fog\u00f5es entregues. [&hellip;]<\/p>","protected":false},"author":1,"featured_media":0,"parent":0,"menu_order":0,"comment_status":"closed","ping_status":"closed","template":"elementor_header_footer","meta":{"footnotes":""},"class_list":["post-2041","page","type-page","status-publish","hentry"],"_links":{"self":[{"href":"https:\/\/www.perene.org.br\/en\/wp-json\/wp\/v2\/pages\/2041","targetHints":{"allow":["GET"]}}],"collection":[{"href":"https:\/\/www.perene.org.br\/en\/wp-json\/wp\/v2\/pages"}],"about":[{"href":"https:\/\/www.perene.org.br\/en\/wp-json\/wp\/v2\/types\/page"}],"author":[{"embeddable":true,"href":"https:\/\/www.perene.org.br\/en\/wp-json\/wp\/v2\/users\/1"}],"replies":[{"embeddable":true,"href":"https:\/\/www.perene.org.br\/en\/wp-json\/wp\/v2\/comments?post=2041"}],"version-history":[{"count":37,"href":"https:\/\/www.perene.org.br\/en\/wp-json\/wp\/v2\/pages\/2041\/revisions"}],"predecessor-version":[{"id":3134,"href":"https:\/\/www.perene.org.br\/en\/wp-json\/wp\/v2\/pages\/2041\/revisions\/3134"}],"wp:attachment":[{"href":"https:\/\/www.perene.org.br\/en\/wp-json\/wp\/v2\/media?parent=2041"}],"curies":[{"name":"wp","href":"https:\/\/api.w.org\/{rel}","templated":true}]}}