{"id":2045,"date":"2022-06-22T20:53:24","date_gmt":"2022-06-22T23:53:24","guid":{"rendered":"http:\/\/novoperene.institucional.ws\/?page_id=2045"},"modified":"2022-10-14T10:52:59","modified_gmt":"2022-10-14T13:52:59","slug":"projeto-orla","status":"publish","type":"page","link":"https:\/\/www.perene.org.br\/en\/projeto-orla\/","title":{"rendered":"Lakeside Restoration Project"},"content":{"rendered":"<div data-elementor-type=\"wp-page\" data-elementor-id=\"2045\" class=\"elementor elementor-2045\">\n\t\t\t\t\t\t<section class=\"elementor-section elementor-top-section elementor-element elementor-element-5eddc93e elementor-section-height-min-height elementor-section-boxed elementor-section-height-default elementor-section-items-middle\" data-id=\"5eddc93e\" data-element_type=\"section\" data-e-type=\"section\" data-settings=\"{&quot;background_background&quot;:&quot;classic&quot;}\">\n\t\t\t\t\t\t\t<div class=\"elementor-background-overlay\"><\/div>\n\t\t\t\t\t\t\t<div class=\"elementor-container elementor-column-gap-default\">\n\t\t\t\t\t<div class=\"elementor-column elementor-col-100 elementor-top-column elementor-element elementor-element-d79b48a\" data-id=\"d79b48a\" data-element_type=\"column\" data-e-type=\"column\">\n\t\t\t<div class=\"elementor-widget-wrap elementor-element-populated\">\n\t\t\t\t\t\t<div class=\"elementor-element elementor-element-7619430c elementor-widget elementor-widget-heading\" data-id=\"7619430c\" data-element_type=\"widget\" data-e-type=\"widget\" data-widget_type=\"heading.default\">\n\t\t\t\t<div class=\"elementor-widget-container\">\n\t\t\t\t\t<h1 class=\"elementor-heading-title elementor-size-default\">reNascer Cerrado - Projeto Orla<\/h1>\t\t\t\t<\/div>\n\t\t\t\t<\/div>\n\t\t\t\t<div class=\"elementor-element elementor-element-590f156f elementor-widget elementor-widget-text-editor\" data-id=\"590f156f\" data-element_type=\"widget\" data-e-type=\"widget\" data-widget_type=\"text-editor.default\">\n\t\t\t\t<div class=\"elementor-widget-container\">\n\t\t\t\t\t\t\t\t\t<p><span style=\"font-weight: 400;\">One of the most recent projects of the Instituto Perene focused on the conservation of the Brazilian Cerrado. It was started in 2022 with the objective of recovering 75 hectares of degraded areas on the edge of Lake Parano\u00e1 in Bras\u00edlia (DF).<\/span><\/p>\t\t\t\t\t\t\t\t<\/div>\n\t\t\t\t<\/div>\n\t\t\t\t\t<\/div>\n\t\t<\/div>\n\t\t\t\t\t<\/div>\n\t\t<\/section>\n\t\t\t\t<section class=\"elementor-section elementor-top-section elementor-element elementor-element-7af0e3c8 elementor-hidden-desktop elementor-hidden-tablet elementor-hidden-mobile elementor-section-boxed elementor-section-height-default elementor-section-height-default\" data-id=\"7af0e3c8\" data-element_type=\"section\" data-e-type=\"section\">\n\t\t\t\t\t\t<div class=\"elementor-container elementor-column-gap-default\">\n\t\t\t\t\t<div class=\"elementor-column elementor-col-50 elementor-top-column elementor-element elementor-element-6c24f440\" data-id=\"6c24f440\" data-element_type=\"column\" data-e-type=\"column\" data-settings=\"{&quot;background_background&quot;:&quot;classic&quot;}\">\n\t\t\t<div class=\"elementor-widget-wrap elementor-element-populated\">\n\t\t\t\t\t\t<div class=\"elementor-element elementor-element-3c83974 elementor-widget elementor-widget-heading\" data-id=\"3c83974\" data-element_type=\"widget\" data-e-type=\"widget\" data-widget_type=\"heading.default\">\n\t\t\t\t<div class=\"elementor-widget-container\">\n\t\t\t\t\t<h2 class=\"elementor-heading-title elementor-size-default\">The project will deliver 7,000 stoves to rural communities.\u00a0<\/h2>\t\t\t\t<\/div>\n\t\t\t\t<\/div>\n\t\t\t\t<div class=\"elementor-element elementor-element-08b709f elementor-widget elementor-widget-text-editor\" data-id=\"08b709f\" data-element_type=\"widget\" data-e-type=\"widget\" data-widget_type=\"text-editor.default\">\n\t\t\t\t<div class=\"elementor-widget-container\">\n\t\t\t\t\t\t\t\t\t<p><span style=\"font-weight: 400;\">The eco-efficient stove was developed by Perene, following the principles of the \u201cRocket Stove\u201d model, by the specialist in improved combustion technologies, the American Dr.\nLarry Winiarski (1940-2021). The model needs less firewood to produce the flames, and the heating time can be up to half that of a rudimentary stove.<\/span><\/p><p><span style=\"font-weight: 400;\">With this dynamic, the use of eco-efficient stoves reduces the interference in the local ecosystem for the removal of firewood and reduces the emission of polluting gases. The benefits to the environment are aligned with the improvement of the quality of life of families, who start to cook without excessive smoke harmful to health and well-being.<\/span><\/p>\t\t\t\t\t\t\t\t<\/div>\n\t\t\t\t<\/div>\n\t\t\t\t\t<\/div>\n\t\t<\/div>\n\t\t\t\t<div class=\"elementor-column elementor-col-50 elementor-top-column elementor-element elementor-element-66cc77b6\" data-id=\"66cc77b6\" data-element_type=\"column\" data-e-type=\"column\">\n\t\t\t<div class=\"elementor-widget-wrap elementor-element-populated\">\n\t\t\t\t\t\t<div class=\"elementor-element elementor-element-77260a2b elementor-widget__width-initial elementor-absolute elementor-widget-tablet__width-initial elementor-widget-mobile__width-auto elementor-widget elementor-widget-image\" data-id=\"77260a2b\" data-element_type=\"widget\" data-e-type=\"widget\" data-settings=\"{&quot;_position&quot;:&quot;absolute&quot;}\" data-widget_type=\"image.default\">\n\t\t\t\t<div class=\"elementor-widget-container\">\n\t\t\t\t\t\t\t\t\t\t\t\t\t\t\t<img fetchpriority=\"high\" decoding=\"async\" width=\"606\" height=\"566\" src=\"https:\/\/www.perene.org.br\/wp-content\/uploads\/2022\/06\/info-image-home.png\" class=\"attachment-large size-large wp-image-1173\" alt=\"\" srcset=\"https:\/\/www.perene.org.br\/wp-content\/uploads\/2022\/06\/info-image-home.png 606w, https:\/\/www.perene.org.br\/wp-content\/uploads\/2022\/06\/info-image-home-300x280.png 300w\" sizes=\"(max-width: 606px) 100vw, 606px\" \/>\t\t\t\t\t\t\t\t\t\t\t\t\t\t\t<\/div>\n\t\t\t\t<\/div>\n\t\t\t\t\t<\/div>\n\t\t<\/div>\n\t\t\t\t\t<\/div>\n\t\t<\/section>\n\t\t\t\t<section class=\"elementor-section elementor-top-section elementor-element elementor-element-200dfd0b elementor-reverse-tablet elementor-reverse-mobile elementor-section-boxed elementor-section-height-default elementor-section-height-default\" data-id=\"200dfd0b\" data-element_type=\"section\" data-e-type=\"section\">\n\t\t\t\t\t\t<div class=\"elementor-container elementor-column-gap-default\">\n\t\t\t\t\t<div class=\"elementor-column elementor-col-33 elementor-top-column elementor-element elementor-element-48c7db54\" data-id=\"48c7db54\" data-element_type=\"column\" data-e-type=\"column\">\n\t\t\t<div class=\"elementor-widget-wrap elementor-element-populated\">\n\t\t\t\t\t\t<div class=\"elementor-element elementor-element-3e7befe elementor-widget elementor-widget-image\" data-id=\"3e7befe\" data-element_type=\"widget\" data-e-type=\"widget\" data-widget_type=\"image.default\">\n\t\t\t\t<div class=\"elementor-widget-container\">\n\t\t\t\t\t\t\t\t\t\t\t\t\t\t\t<img decoding=\"async\" src=\"https:\/\/www.perene.org.br\/wp-content\/uploads\/elementor\/thumbs\/WhatsApp-Image-2022-03-10-at-17.24.24-pqrok2wf933ao5hrvk0hf3g9iheibd9yhisixi9v1s.jpeg\" title=\"WhatsApp Image 2022-03-10 at 17.24.24\" alt=\"WhatsApp Image 2022-03-10 at 17.24.24\" loading=\"lazy\" \/>\t\t\t\t\t\t\t\t\t\t\t\t\t\t\t<\/div>\n\t\t\t\t<\/div>\n\t\t\t\t\t<\/div>\n\t\t<\/div>\n\t\t\t\t<div class=\"elementor-column elementor-col-33 elementor-top-column elementor-element elementor-element-da21609\" data-id=\"da21609\" data-element_type=\"column\" data-e-type=\"column\">\n\t\t\t<div class=\"elementor-widget-wrap elementor-element-populated\">\n\t\t\t\t\t\t<div class=\"elementor-element elementor-element-087db4a elementor-widget elementor-widget-image\" data-id=\"087db4a\" data-element_type=\"widget\" data-e-type=\"widget\" data-widget_type=\"image.default\">\n\t\t\t\t<div class=\"elementor-widget-container\">\n\t\t\t\t\t\t\t\t\t\t\t\t\t\t\t<img decoding=\"async\" src=\"https:\/\/www.perene.org.br\/wp-content\/uploads\/elementor\/thumbs\/WhatsApp-Image-2022-06-22-at-8.22.48-PM-pqpqjww9h368hs6cvp75qjucikzfpze0burgowy7ow.jpeg\" title=\"WhatsApp Image 2022-06-22 at 8.22.48 PM\" alt=\"WhatsApp Image 2022-06-22 at 8.22.48 PM\" loading=\"lazy\" \/>\t\t\t\t\t\t\t\t\t\t\t\t\t\t\t<\/div>\n\t\t\t\t<\/div>\n\t\t\t\t\t<\/div>\n\t\t<\/div>\n\t\t\t\t<div class=\"elementor-column elementor-col-33 elementor-top-column elementor-element elementor-element-3c53b157\" data-id=\"3c53b157\" data-element_type=\"column\" data-e-type=\"column\">\n\t\t\t<div class=\"elementor-widget-wrap elementor-element-populated\">\n\t\t\t\t\t\t<div class=\"elementor-element elementor-element-3c70cbb elementor-widget elementor-widget-text-editor\" data-id=\"3c70cbb\" data-element_type=\"widget\" data-e-type=\"widget\" data-widget_type=\"text-editor.default\">\n\t\t\t\t<div class=\"elementor-widget-container\">\n\t\t\t\t\t\t\t\t\t<p>Part of the project will include community involvement in environmental education actions. The project was made possible through financing from Cargill.<\/p><p>This will be the first case of application of the Reviva Parques do Distrito Federal Program (Decree No. maintenance of Conservation Units.<\/p>\t\t\t\t\t\t\t\t<\/div>\n\t\t\t\t<\/div>\n\t\t\t\t\t<\/div>\n\t\t<\/div>\n\t\t\t\t\t<\/div>\n\t\t<\/section>\n\t\t\t\t<\/div>","protected":false},"excerpt":{"rendered":"<p>reNascer Cerrado &#8211; Projeto Orla Um dos mais recentes projetos do Instituto Perene voltado para a conserva\u00e7\u00e3o do Cerrado brasileiro. Iniciado em 2022, o Projeto Orla tem objetivo de proteger as \u00e1guas do Lago Parano\u00e1 em Bras\u00edlia (DF), recuperar e manejar a vegeta\u00e7\u00e3o nativa e sensibilizar a comunidade local. O projeto entregar\u00e1 7 mil fog\u00f5es [&hellip;]<\/p>","protected":false},"author":1,"featured_media":0,"parent":0,"menu_order":0,"comment_status":"closed","ping_status":"closed","template":"elementor_header_footer","meta":{"footnotes":""},"class_list":["post-2045","page","type-page","status-publish","hentry"],"_links":{"self":[{"href":"https:\/\/www.perene.org.br\/en\/wp-json\/wp\/v2\/pages\/2045","targetHints":{"allow":["GET"]}}],"collection":[{"href":"https:\/\/www.perene.org.br\/en\/wp-json\/wp\/v2\/pages"}],"about":[{"href":"https:\/\/www.perene.org.br\/en\/wp-json\/wp\/v2\/types\/page"}],"author":[{"embeddable":true,"href":"https:\/\/www.perene.org.br\/en\/wp-json\/wp\/v2\/users\/1"}],"replies":[{"embeddable":true,"href":"https:\/\/www.perene.org.br\/en\/wp-json\/wp\/v2\/comments?post=2045"}],"version-history":[{"count":38,"href":"https:\/\/www.perene.org.br\/en\/wp-json\/wp\/v2\/pages\/2045\/revisions"}],"predecessor-version":[{"id":3236,"href":"https:\/\/www.perene.org.br\/en\/wp-json\/wp\/v2\/pages\/2045\/revisions\/3236"}],"wp:attachment":[{"href":"https:\/\/www.perene.org.br\/en\/wp-json\/wp\/v2\/media?parent=2045"}],"curies":[{"name":"wp","href":"https:\/\/api.w.org\/{rel}","templated":true}]}}