{"id":2626,"date":"2022-07-04T22:51:24","date_gmt":"2022-07-05T01:51:24","guid":{"rendered":"http:\/\/novoperene.institucional.ws\/?page_id=2626"},"modified":"2022-08-24T17:18:46","modified_gmt":"2022-08-24T20:18:46","slug":"fogoes-ecoeficientes-do-reconcavo-baiano","status":"publish","type":"page","link":"https:\/\/www.perene.org.br\/en\/fogoes-ecoeficientes-do-reconcavo-baiano\/","title":{"rendered":"Eco-efficient Stoves in the Rec\u00f4ncavo Baiano"},"content":{"rendered":"<div data-elementor-type=\"wp-page\" data-elementor-id=\"2626\" class=\"elementor elementor-2626\">\n\t\t\t\t\t\t<section class=\"elementor-section elementor-top-section elementor-element elementor-element-5eddc93e elementor-section-height-min-height elementor-section-boxed elementor-section-height-default elementor-section-items-middle\" data-id=\"5eddc93e\" data-element_type=\"section\" data-e-type=\"section\" data-settings=\"{&quot;background_background&quot;:&quot;classic&quot;}\">\n\t\t\t\t\t\t\t<div class=\"elementor-background-overlay\"><\/div>\n\t\t\t\t\t\t\t<div class=\"elementor-container elementor-column-gap-default\">\n\t\t\t\t\t<div class=\"elementor-column elementor-col-100 elementor-top-column elementor-element elementor-element-d79b48a\" data-id=\"d79b48a\" data-element_type=\"column\" data-e-type=\"column\">\n\t\t\t<div class=\"elementor-widget-wrap elementor-element-populated\">\n\t\t\t\t\t\t<div class=\"elementor-element elementor-element-7619430c elementor-widget elementor-widget-heading\" data-id=\"7619430c\" data-element_type=\"widget\" data-e-type=\"widget\" data-widget_type=\"heading.default\">\n\t\t\t\t<div class=\"elementor-widget-container\">\n\t\t\t\t\t<h1 class=\"elementor-heading-title elementor-size-default\">Eco-efficient Stoves in the Rec\u00f4ncavo Baiano<\/h1>\t\t\t\t<\/div>\n\t\t\t\t<\/div>\n\t\t\t\t<div class=\"elementor-element elementor-element-590f156f elementor-widget elementor-widget-text-editor\" data-id=\"590f156f\" data-element_type=\"widget\" data-e-type=\"widget\" data-widget_type=\"text-editor.default\">\n\t\t\t\t<div class=\"elementor-widget-container\">\n\t\t\t\t\t\t\t\t\tA partnership with Natura and Moody\u2019s Foundation, which resulted in the first eco-efficient stoves built in the Rec\u00f4ncavo Baiano.\t\t\t\t\t\t\t\t<\/div>\n\t\t\t\t<\/div>\n\t\t\t\t\t<\/div>\n\t\t<\/div>\n\t\t\t\t\t<\/div>\n\t\t<\/section>\n\t\t\t\t<section class=\"elementor-section elementor-top-section elementor-element elementor-element-7af0e3c8 elementor-section-boxed elementor-section-height-default elementor-section-height-default\" data-id=\"7af0e3c8\" data-element_type=\"section\" data-e-type=\"section\">\n\t\t\t\t\t\t<div class=\"elementor-container elementor-column-gap-default\">\n\t\t\t\t\t<div class=\"elementor-column elementor-col-50 elementor-top-column elementor-element elementor-element-6c24f440\" data-id=\"6c24f440\" data-element_type=\"column\" data-e-type=\"column\" data-settings=\"{&quot;background_background&quot;:&quot;classic&quot;}\">\n\t\t\t<div class=\"elementor-widget-wrap elementor-element-populated\">\n\t\t\t\t\t\t<div class=\"elementor-element elementor-element-08b709f elementor-widget elementor-widget-text-editor\" data-id=\"08b709f\" data-element_type=\"widget\" data-e-type=\"widget\" data-widget_type=\"text-editor.default\">\n\t\t\t\t<div class=\"elementor-widget-container\">\n\t\t\t\t\t\t\t\t\t<p><span style=\"font-weight: 400;\">In 2007, when Instituto Perene was founded, with the objective of taking eco-efficient stoves to the Rec\u00f4ncavo Baiano, Natura, through the Greenhouse Gas Emissions Neutralization Program, was the first company to believe that these stoves could part of that purpose.<\/span><\/p><p><span style=\"font-weight: 400;\">The technology, still little known in Brazil, came from a similar project developed by the founder of the Instituto Perene in Nicaragua and Honduras. A work that was developed in partnership with the NGO, Climate Care, from the United Kingdom, to scientifically certify the impacts of the eco-efficient stove in the reduction of greenhouse gases.<br \/><\/span><\/p>\t\t\t\t\t\t\t\t<\/div>\n\t\t\t\t<\/div>\n\t\t\t\t\t<\/div>\n\t\t<\/div>\n\t\t\t\t<div class=\"elementor-column elementor-col-50 elementor-top-column elementor-element elementor-element-66cc77b6\" data-id=\"66cc77b6\" data-element_type=\"column\" data-e-type=\"column\">\n\t\t\t<div class=\"elementor-widget-wrap elementor-element-populated\">\n\t\t\t\t\t\t<div class=\"elementor-element elementor-element-77260a2b elementor-widget__width-initial elementor-absolute elementor-widget-tablet__width-initial elementor-widget-mobile__width-auto elementor-widget elementor-widget-image\" data-id=\"77260a2b\" data-element_type=\"widget\" data-e-type=\"widget\" data-settings=\"{&quot;_position&quot;:&quot;absolute&quot;}\" data-widget_type=\"image.default\">\n\t\t\t\t<div class=\"elementor-widget-container\">\n\t\t\t\t\t\t\t\t\t\t\t\t\t\t\t<img decoding=\"async\" src=\"https:\/\/www.perene.org.br\/wp-content\/uploads\/elementor\/thumbs\/fogoes-eficientes-3-1-prbj11u5bbfhhjxrrgvq5nyrw37ke6mem19k7y96zg.jpg\" title=\"fogoes-eficientes-3\" alt=\"fogoes-eficientes-3\" loading=\"lazy\" \/>\t\t\t\t\t\t\t\t\t\t\t\t\t\t\t<\/div>\n\t\t\t\t<\/div>\n\t\t\t\t\t<\/div>\n\t\t<\/div>\n\t\t\t\t\t<\/div>\n\t\t<\/section>\n\t\t\t\t<section class=\"elementor-section elementor-top-section elementor-element elementor-element-200dfd0b elementor-reverse-tablet elementor-reverse-mobile elementor-section-boxed elementor-section-height-default elementor-section-height-default\" data-id=\"200dfd0b\" data-element_type=\"section\" data-e-type=\"section\">\n\t\t\t\t\t\t<div class=\"elementor-container elementor-column-gap-default\">\n\t\t\t\t\t<div class=\"elementor-column elementor-col-50 elementor-top-column elementor-element elementor-element-48c7db54\" data-id=\"48c7db54\" data-element_type=\"column\" data-e-type=\"column\">\n\t\t\t<div class=\"elementor-widget-wrap elementor-element-populated\">\n\t\t\t\t\t\t<div class=\"elementor-element elementor-element-087db4a elementor-widget elementor-widget-image\" data-id=\"087db4a\" data-element_type=\"widget\" data-e-type=\"widget\" data-widget_type=\"image.default\">\n\t\t\t\t<div class=\"elementor-widget-container\">\n\t\t\t\t\t\t\t\t\t\t\t\t\t\t\t<img decoding=\"async\" src=\"https:\/\/www.perene.org.br\/wp-content\/uploads\/elementor\/thumbs\/IMG_8256-1-scaled-prbj5p5dtc9kb3qeqsa04l2jwdyupih96ufepjjh5s.jpeg\" title=\"IMG_8256 (1)\" alt=\"IMG_8256 (1)\" loading=\"lazy\" \/>\t\t\t\t\t\t\t\t\t\t\t\t\t\t\t<\/div>\n\t\t\t\t<\/div>\n\t\t\t\t\t<\/div>\n\t\t<\/div>\n\t\t\t\t<div class=\"elementor-column elementor-col-50 elementor-top-column elementor-element elementor-element-3c53b157\" data-id=\"3c53b157\" data-element_type=\"column\" data-e-type=\"column\">\n\t\t\t<div class=\"elementor-widget-wrap elementor-element-populated\">\n\t\t\t\t\t\t<div class=\"elementor-element elementor-element-3c70cbb elementor-widget elementor-widget-text-editor\" data-id=\"3c70cbb\" data-element_type=\"widget\" data-e-type=\"widget\" data-widget_type=\"text-editor.default\">\n\t\t\t\t<div class=\"elementor-widget-container\">\n\t\t\t\t\t\t\t\t\t<span style=\"font-weight: 400;\">The work with Natura earned Perene its first three certifications from The Gold Standard International. In 2019, the socio-environmental potential of the project brought a new\npartners, the Moodys`s Foundation, which contributed to the expansion of the Efficient Stoves in the Rec\u00f4ncavo Baiano. The partnership with the two institutions, which continues to this day, has already resulted in around 13,000 stoves delivered to the region. \n<\/span>\t\t\t\t\t\t\t\t<\/div>\n\t\t\t\t<\/div>\n\t\t\t\t\t<\/div>\n\t\t<\/div>\n\t\t\t\t\t<\/div>\n\t\t<\/section>\n\t\t\t\t<\/div>","protected":false},"excerpt":{"rendered":"<p>Fog\u00f5es Ecoeficientes do Rec\u00f4ncavo Baiano Uma parceria com a Natura e a Moody &#8216;s Foundation, que resultou nos primeiros fog\u00f5es ecoeficientes constru\u00eddos no Rec\u00f4ncavo Baiano. Em 2007, quando o Instituto Perene foi fundado, com o objetivo de levar os fog\u00f5es ecoeficientes ao Rec\u00f4ncavo Baiano, a Natura, por meio do Programa de Neutraliza\u00e7\u00e3o de Emiss\u00f5es de [&hellip;]<\/p>","protected":false},"author":1,"featured_media":0,"parent":0,"menu_order":0,"comment_status":"closed","ping_status":"closed","template":"elementor_header_footer","meta":{"footnotes":""},"class_list":["post-2626","page","type-page","status-publish","hentry"],"_links":{"self":[{"href":"https:\/\/www.perene.org.br\/en\/wp-json\/wp\/v2\/pages\/2626","targetHints":{"allow":["GET"]}}],"collection":[{"href":"https:\/\/www.perene.org.br\/en\/wp-json\/wp\/v2\/pages"}],"about":[{"href":"https:\/\/www.perene.org.br\/en\/wp-json\/wp\/v2\/types\/page"}],"author":[{"embeddable":true,"href":"https:\/\/www.perene.org.br\/en\/wp-json\/wp\/v2\/users\/1"}],"replies":[{"embeddable":true,"href":"https:\/\/www.perene.org.br\/en\/wp-json\/wp\/v2\/comments?post=2626"}],"version-history":[{"count":40,"href":"https:\/\/www.perene.org.br\/en\/wp-json\/wp\/v2\/pages\/2626\/revisions"}],"predecessor-version":[{"id":3137,"href":"https:\/\/www.perene.org.br\/en\/wp-json\/wp\/v2\/pages\/2626\/revisions\/3137"}],"wp:attachment":[{"href":"https:\/\/www.perene.org.br\/en\/wp-json\/wp\/v2\/media?parent=2626"}],"curies":[{"name":"wp","href":"https:\/\/api.w.org\/{rel}","templated":true}]}}