{"id":3251,"date":"2023-05-03T19:21:40","date_gmt":"2023-05-03T22:21:40","guid":{"rendered":"https:\/\/www.perene.org.br\/?page_id=3251"},"modified":"2023-06-01T14:19:13","modified_gmt":"2023-06-01T17:19:13","slug":"novidades","status":"publish","type":"page","link":"https:\/\/www.perene.org.br\/en\/novidades\/","title":{"rendered":"News"},"content":{"rendered":"<div data-elementor-type=\"wp-page\" data-elementor-id=\"3251\" class=\"elementor elementor-3251\">\n\t\t\t\t\t\t<section class=\"elementor-section elementor-top-section elementor-element elementor-element-710b4b8e elementor-section-height-min-height elementor-section-boxed elementor-section-height-default elementor-section-items-middle\" data-id=\"710b4b8e\" data-element_type=\"section\" data-e-type=\"section\" data-settings=\"{&quot;background_background&quot;:&quot;classic&quot;}\">\n\t\t\t\t\t\t\t<div class=\"elementor-background-overlay\"><\/div>\n\t\t\t\t\t\t\t<div class=\"elementor-container elementor-column-gap-default\">\n\t\t\t\t\t<div class=\"elementor-column elementor-col-100 elementor-top-column elementor-element elementor-element-62a5e49a\" data-id=\"62a5e49a\" data-element_type=\"column\" data-e-type=\"column\" data-settings=\"{&quot;background_background&quot;:&quot;classic&quot;}\">\n\t\t\t<div class=\"elementor-widget-wrap\">\n\t\t\t\t\t\t\t<\/div>\n\t\t<\/div>\n\t\t\t\t\t<\/div>\n\t\t<\/section>\n\t\t\t\t<section class=\"elementor-section elementor-top-section elementor-element elementor-element-4b633bac elementor-section-height-min-height elementor-section-items-stretch elementor-section-boxed elementor-section-height-default\" data-id=\"4b633bac\" data-element_type=\"section\" data-e-type=\"section\">\n\t\t\t\t\t\t<div class=\"elementor-container elementor-column-gap-default\">\n\t\t\t\t\t<div class=\"elementor-column elementor-col-100 elementor-top-column elementor-element elementor-element-6c18efe\" data-id=\"6c18efe\" data-element_type=\"column\" data-e-type=\"column\" data-settings=\"{&quot;background_background&quot;:&quot;classic&quot;}\">\n\t\t\t<div class=\"elementor-widget-wrap elementor-element-populated\">\n\t\t\t\t\t\t<div class=\"elementor-element elementor-element-659d0a3b elementor-widget elementor-widget-heading\" data-id=\"659d0a3b\" data-element_type=\"widget\" data-e-type=\"widget\" data-widget_type=\"heading.default\">\n\t\t\t\t<div class=\"elementor-widget-container\">\n\t\t\t\t\t<h1 class=\"elementor-heading-title elementor-size-default\">News<\/h1>\t\t\t\t<\/div>\n\t\t\t\t<\/div>\n\t\t\t\t<div class=\"elementor-element elementor-element-43e4d2eb elementor-widget elementor-widget-heading\" data-id=\"43e4d2eb\" data-element_type=\"widget\" data-e-type=\"widget\" data-widget_type=\"heading.default\">\n\t\t\t\t<div class=\"elementor-widget-container\">\n\t\t\t\t\t<h3 class=\"elementor-heading-title elementor-size-default\">Download reports, read the news and follow the steps that the Perene Institute has been taking towards a more sustainable planet.<\/h3>\t\t\t\t<\/div>\n\t\t\t\t<\/div>\n\t\t\t\t\t<\/div>\n\t\t<\/div>\n\t\t\t\t\t<\/div>\n\t\t<\/section>\n\t\t\t\t<section class=\"elementor-section elementor-top-section elementor-element elementor-element-2072a0e elementor-section-boxed elementor-section-height-default elementor-section-height-default\" data-id=\"2072a0e\" data-element_type=\"section\" data-e-type=\"section\">\n\t\t\t\t\t\t<div class=\"elementor-container elementor-column-gap-default\">\n\t\t\t\t\t<div class=\"elementor-column elementor-col-100 elementor-top-column elementor-element elementor-element-9131e40\" data-id=\"9131e40\" data-element_type=\"column\" data-e-type=\"column\">\n\t\t\t<div class=\"elementor-widget-wrap elementor-element-populated\">\n\t\t\t\t\t\t<div class=\"elementor-element elementor-element-c9a916f elementor-widget elementor-widget-spacer\" data-id=\"c9a916f\" data-element_type=\"widget\" data-e-type=\"widget\" data-widget_type=\"spacer.default\">\n\t\t\t\t<div class=\"elementor-widget-container\">\n\t\t\t\t\t\t\t<div class=\"elementor-spacer\">\n\t\t\t<div class=\"elementor-spacer-inner\"><\/div>\n\t\t<\/div>\n\t\t\t\t\t\t<\/div>\n\t\t\t\t<\/div>\n\t\t\t\t<div class=\"elementor-element elementor-element-b21befd elementor-posts--align-left elementor-grid-3 elementor-grid-tablet-2 elementor-grid-mobile-1 elementor-posts--thumbnail-top load-more-align-center elementor-widget elementor-widget-posts\" data-id=\"b21befd\" data-element_type=\"widget\" data-e-type=\"widget\" data-settings=\"{&quot;pagination_type&quot;:&quot;load_more_on_click&quot;,&quot;classic_columns&quot;:&quot;3&quot;,&quot;classic_columns_tablet&quot;:&quot;2&quot;,&quot;classic_columns_mobile&quot;:&quot;1&quot;,&quot;classic_row_gap&quot;:{&quot;unit&quot;:&quot;px&quot;,&quot;size&quot;:35,&quot;sizes&quot;:[]},&quot;classic_row_gap_tablet&quot;:{&quot;unit&quot;:&quot;px&quot;,&quot;size&quot;:&quot;&quot;,&quot;sizes&quot;:[]},&quot;classic_row_gap_mobile&quot;:{&quot;unit&quot;:&quot;px&quot;,&quot;size&quot;:&quot;&quot;,&quot;sizes&quot;:[]},&quot;load_more_spinner&quot;:{&quot;value&quot;:&quot;fas fa-spinner&quot;,&quot;library&quot;:&quot;fa-solid&quot;}}\" data-widget_type=\"posts.classic\">\n\t\t\t\t<div class=\"elementor-widget-container\">\n\t\t\t\t\t\t\t<div class=\"elementor-posts-container elementor-posts elementor-posts--skin-classic elementor-grid\">\n\t\t\t\t<article class=\"elementor-post elementor-grid-item post-3436 post type-post status-publish format-standard has-post-thumbnail hentry category-blog\">\n\t\t\t\t<a class=\"elementor-post__thumbnail__link\" href=\"https:\/\/www.perene.org.br\/en\/relatorio-anual-2023\/\" target=\"&quot;_blank&quot;\">\n\t\t\t<div class=\"elementor-post__thumbnail\"><img fetchpriority=\"high\" decoding=\"async\" width=\"300\" height=\"200\" src=\"https:\/\/www.perene.org.br\/wp-content\/uploads\/2022\/06\/imagem-300x200.jpg\" class=\"attachment-medium size-medium wp-image-3372\" alt=\"\" srcset=\"https:\/\/www.perene.org.br\/wp-content\/uploads\/2022\/06\/imagem-300x200.jpg 300w, https:\/\/www.perene.org.br\/wp-content\/uploads\/2022\/06\/imagem-1030x687.jpg 1030w, https:\/\/www.perene.org.br\/wp-content\/uploads\/2022\/06\/imagem-768x512.jpg 768w, https:\/\/www.perene.org.br\/wp-content\/uploads\/2022\/06\/imagem-1536x1024.jpg 1536w, https:\/\/www.perene.org.br\/wp-content\/uploads\/2022\/06\/imagem-2048x1365.jpg 2048w, https:\/\/www.perene.org.br\/wp-content\/uploads\/2022\/06\/imagem-18x12.jpg 18w\" sizes=\"(max-width: 300px) 100vw, 300px\" \/><\/div>\n\t\t<\/a>\n\t\t\t\t<div class=\"elementor-post__text\">\n\t\t\t\t<h3 class=\"elementor-post__title\">\n\t\t\t<a href=\"https:\/\/www.perene.org.br\/en\/relatorio-anual-2023\/\" target=\"&quot;_blank&quot;\">\n\t\t\t\t2023 annual report\t\t\t<\/a>\n\t\t<\/h3>\n\t\t\t\t<div class=\"elementor-post__meta-data\">\n\t\t\t\t\t<span class=\"elementor-post-date\">\n\t\t\t11 de May de 2023\t\t<\/span>\n\t\t\t\t<\/div>\n\t\t\t\t\t<div class=\"elementor-post__read-more-wrapper\">\n\t\t\n\t\t<a class=\"elementor-post__read-more\" href=\"https:\/\/www.perene.org.br\/en\/relatorio-anual-2023\/\" aria-label=\"Read more about Relat\u00f3rio anual 2023\" target=\"_blank\">\n\t\t\tLeia mais \u00bb\t\t<\/a>\n\n\t\t\t\t\t<\/div>\n\t\t\t\t<\/div>\n\t\t\t\t<\/article>\n\t\t\t\t<article class=\"elementor-post elementor-grid-item post-3416 post type-post status-publish format-standard has-post-thumbnail hentry category-blog\">\n\t\t\t\t<a class=\"elementor-post__thumbnail__link\" href=\"https:\/\/www.perene.org.br\/en\/fogoes-a-lenha-ecoeficientes-sao-entregues-para-2800-familias-baianas\/\" target=\"&quot;_blank&quot;\">\n\t\t\t<div class=\"elementor-post__thumbnail\"><img decoding=\"async\" width=\"300\" height=\"197\" src=\"https:\/\/www.perene.org.br\/wp-content\/uploads\/2022\/06\/Fogao-pronto-3-1-300x197.jpg\" class=\"attachment-medium size-medium wp-image-3338\" alt=\"\" srcset=\"https:\/\/www.perene.org.br\/wp-content\/uploads\/2022\/06\/Fogao-pronto-3-1-300x197.jpg 300w, https:\/\/www.perene.org.br\/wp-content\/uploads\/2022\/06\/Fogao-pronto-3-1-1030x675.jpg 1030w, https:\/\/www.perene.org.br\/wp-content\/uploads\/2022\/06\/Fogao-pronto-3-1-768x503.jpg 768w, https:\/\/www.perene.org.br\/wp-content\/uploads\/2022\/06\/Fogao-pronto-3-1-1536x1006.jpg 1536w, https:\/\/www.perene.org.br\/wp-content\/uploads\/2022\/06\/Fogao-pronto-3-1-2048x1341.jpg 2048w, https:\/\/www.perene.org.br\/wp-content\/uploads\/2022\/06\/Fogao-pronto-3-1-18x12.jpg 18w\" sizes=\"(max-width: 300px) 100vw, 300px\" \/><\/div>\n\t\t<\/a>\n\t\t\t\t<div class=\"elementor-post__text\">\n\t\t\t\t<h3 class=\"elementor-post__title\">\n\t\t\t<a href=\"https:\/\/www.perene.org.br\/en\/fogoes-a-lenha-ecoeficientes-sao-entregues-para-2800-familias-baianas\/\" target=\"&quot;_blank&quot;\">\n\t\t\t\tFog\u00f5es a lenha ecoeficientes s\u00e3o entregues para 2.800 fam\u00edlias baianas\t\t\t<\/a>\n\t\t<\/h3>\n\t\t\t\t<div class=\"elementor-post__meta-data\">\n\t\t\t\t\t<span class=\"elementor-post-date\">\n\t\t\t30 de March de 2023\t\t<\/span>\n\t\t\t\t<\/div>\n\t\t\t\t\t<div class=\"elementor-post__read-more-wrapper\">\n\t\t\n\t\t<a class=\"elementor-post__read-more\" href=\"https:\/\/www.perene.org.br\/en\/fogoes-a-lenha-ecoeficientes-sao-entregues-para-2800-familias-baianas\/\" aria-label=\"Read more about Fog\u00f5es a lenha ecoeficientes s\u00e3o entregues para 2.800 fam\u00edlias baianas\" target=\"_blank\">\n\t\t\tLeia mais \u00bb\t\t<\/a>\n\n\t\t\t\t\t<\/div>\n\t\t\t\t<\/div>\n\t\t\t\t<\/article>\n\t\t\t\t<article class=\"elementor-post elementor-grid-item post-3351 post type-post status-publish format-standard has-post-thumbnail hentry category-blog\">\n\t\t\t\t<a class=\"elementor-post__thumbnail__link\" href=\"https:\/\/www.perene.org.br\/en\/projeto-fogao-do-mar-dissemina-conceitos-de-ecoeficiencia-em-comunidades-do-reconcavo-baiano\/\" target=\"&quot;_blank&quot;\">\n\t\t\t<div class=\"elementor-post__thumbnail\"><img decoding=\"async\" width=\"200\" height=\"300\" src=\"https:\/\/www.perene.org.br\/wp-content\/uploads\/2023\/05\/Fogao-a-lenha-antes-do-projeto-5-200x300.jpg\" class=\"attachment-medium size-medium wp-image-3364\" alt=\"\" srcset=\"https:\/\/www.perene.org.br\/wp-content\/uploads\/2023\/05\/Fogao-a-lenha-antes-do-projeto-5-200x300.jpg 200w, https:\/\/www.perene.org.br\/wp-content\/uploads\/2023\/05\/Fogao-a-lenha-antes-do-projeto-5-687x1030.jpg 687w, https:\/\/www.perene.org.br\/wp-content\/uploads\/2023\/05\/Fogao-a-lenha-antes-do-projeto-5-768x1152.jpg 768w, https:\/\/www.perene.org.br\/wp-content\/uploads\/2023\/05\/Fogao-a-lenha-antes-do-projeto-5-1024x1536.jpg 1024w, https:\/\/www.perene.org.br\/wp-content\/uploads\/2023\/05\/Fogao-a-lenha-antes-do-projeto-5-1365x2048.jpg 1365w, https:\/\/www.perene.org.br\/wp-content\/uploads\/2023\/05\/Fogao-a-lenha-antes-do-projeto-5-8x12.jpg 8w, https:\/\/www.perene.org.br\/wp-content\/uploads\/2023\/05\/Fogao-a-lenha-antes-do-projeto-5-scaled.jpg 1707w\" sizes=\"(max-width: 200px) 100vw, 200px\" \/><\/div>\n\t\t<\/a>\n\t\t\t\t<div class=\"elementor-post__text\">\n\t\t\t\t<h3 class=\"elementor-post__title\">\n\t\t\t<a href=\"https:\/\/www.perene.org.br\/en\/projeto-fogao-do-mar-dissemina-conceitos-de-ecoeficiencia-em-comunidades-do-reconcavo-baiano\/\" target=\"&quot;_blank&quot;\">\n\t\t\t\tProjeto Fog\u00e3o do Mar dissemina conceitos de ecoefici\u00eancia em comunidades do Rec\u00f4ncavo Baiano\t\t\t<\/a>\n\t\t<\/h3>\n\t\t\t\t<div class=\"elementor-post__meta-data\">\n\t\t\t\t\t<span class=\"elementor-post-date\">\n\t\t\t25 de August de 2022\t\t<\/span>\n\t\t\t\t<\/div>\n\t\t\t\t\t<div class=\"elementor-post__read-more-wrapper\">\n\t\t\n\t\t<a class=\"elementor-post__read-more\" href=\"https:\/\/www.perene.org.br\/en\/projeto-fogao-do-mar-dissemina-conceitos-de-ecoeficiencia-em-comunidades-do-reconcavo-baiano\/\" aria-label=\"Read more about Projeto Fog\u00e3o do Mar dissemina conceitos de ecoefici\u00eancia em comunidades do Rec\u00f4ncavo Baiano\" target=\"_blank\">\n\t\t\tLeia mais \u00bb\t\t<\/a>\n\n\t\t\t\t\t<\/div>\n\t\t\t\t<\/div>\n\t\t\t\t<\/article>\n\t\t\t\t<\/div>\n\t\t\t\t\t<span class=\"e-load-more-spinner\">\n\t\t\t\t<i aria-hidden=\"true\" class=\"fas fa-spinner\"><\/i>\t\t\t<\/span>\n\t\t\n\t\t\t\t\t\t<\/div>\n\t\t\t\t<\/div>\n\t\t\t\t\t<\/div>\n\t\t<\/div>\n\t\t\t\t\t<\/div>\n\t\t<\/section>\n\t\t\t\t<\/div>","protected":false},"excerpt":{"rendered":"<p>Novidades Baixe relat\u00f3rios, leia not\u00edcias e acompanhe os passos que o Instituto Perene vem dando em dire\u00e7\u00e3o a um planeta mais\u00a0sustent\u00e1vel.<\/p>","protected":false},"author":1,"featured_media":1339,"parent":0,"menu_order":0,"comment_status":"closed","ping_status":"closed","template":"elementor_header_footer","meta":{"footnotes":""},"class_list":["post-3251","page","type-page","status-publish","has-post-thumbnail","hentry"],"_links":{"self":[{"href":"https:\/\/www.perene.org.br\/en\/wp-json\/wp\/v2\/pages\/3251","targetHints":{"allow":["GET"]}}],"collection":[{"href":"https:\/\/www.perene.org.br\/en\/wp-json\/wp\/v2\/pages"}],"about":[{"href":"https:\/\/www.perene.org.br\/en\/wp-json\/wp\/v2\/types\/page"}],"author":[{"embeddable":true,"href":"https:\/\/www.perene.org.br\/en\/wp-json\/wp\/v2\/users\/1"}],"replies":[{"embeddable":true,"href":"https:\/\/www.perene.org.br\/en\/wp-json\/wp\/v2\/comments?post=3251"}],"version-history":[{"count":26,"href":"https:\/\/www.perene.org.br\/en\/wp-json\/wp\/v2\/pages\/3251\/revisions"}],"predecessor-version":[{"id":3504,"href":"https:\/\/www.perene.org.br\/en\/wp-json\/wp\/v2\/pages\/3251\/revisions\/3504"}],"wp:featuredmedia":[{"embeddable":true,"href":"https:\/\/www.perene.org.br\/en\/wp-json\/wp\/v2\/media\/1339"}],"wp:attachment":[{"href":"https:\/\/www.perene.org.br\/en\/wp-json\/wp\/v2\/media?parent=3251"}],"curies":[{"name":"wp","href":"https:\/\/api.w.org\/{rel}","templated":true}]}}